{"id":1881,"date":"2024-02-19T09:19:32","date_gmt":"2024-02-19T09:19:32","guid":{"rendered":"https:\/\/esthelanunezfranco.com\/?page_id=1881"},"modified":"2024-07-01T11:36:39","modified_gmt":"2024-07-01T11:36:39","slug":"landing","status":"publish","type":"page","link":"https:\/\/esthelanunezfranco.com\/es\/","title":{"rendered":"Landing"},"content":{"rendered":"<div data-elementor-type=\"wp-page\" data-elementor-id=\"1881\" class=\"elementor elementor-1881\" data-elementor-post-type=\"page\">\n\t\t\t\t<div class=\"elementor-element elementor-element-d58128f e-con-full e-flex e-con e-parent\" data-id=\"d58128f\" data-element_type=\"container\" data-settings=\"{&quot;background_background&quot;:&quot;classic&quot;,&quot;ekit_has_onepagescroll_dot&quot;:&quot;yes&quot;}\">\n\t\t<div class=\"elementor-element elementor-element-a7a1005 e-con-full elementor-hidden-mobile e-flex e-con e-child\" data-id=\"a7a1005\" data-element_type=\"container\" data-settings=\"{&quot;ekit_has_onepagescroll_dot&quot;:&quot;yes&quot;}\">\n\t\t\t\t<div class=\"elementor-element elementor-element-20e069f elementor-widget elementor-widget-heading\" data-id=\"20e069f\" data-element_type=\"widget\" data-settings=\"{&quot;ekit_we_effect_on&quot;:&quot;none&quot;}\" data-widget_type=\"heading.default\">\n\t\t\t\t<div class=\"elementor-widget-container\">\n\t\t\t\t\t<h1 class=\"elementor-heading-title elementor-size-default\">Esthela N\u00fa\u00f1ez Franco<\/h1>\t\t\t\t<\/div>\n\t\t\t\t<\/div>\n\t\t\t\t<div class=\"elementor-element elementor-element-9230353 elementor-widget elementor-widget-heading\" data-id=\"9230353\" data-element_type=\"widget\" data-settings=\"{&quot;ekit_we_effect_on&quot;:&quot;none&quot;}\" data-widget_type=\"heading.default\">\n\t\t\t\t<div class=\"elementor-widget-container\">\n\t\t\t\t\t<h2 class=\"elementor-heading-title elementor-size-default\">MBA, PHR<\/h2>\t\t\t\t<\/div>\n\t\t\t\t<\/div>\n\t\t\t\t<div class=\"elementor-element elementor-element-5cf344e elementor-widget elementor-widget-heading\" data-id=\"5cf344e\" data-element_type=\"widget\" data-settings=\"{&quot;ekit_we_effect_on&quot;:&quot;none&quot;}\" data-widget_type=\"heading.default\">\n\t\t\t\t<div class=\"elementor-widget-container\">\n\t\t\t\t\t<h3 class=\"elementor-heading-title elementor-size-default\">Resiliencia. Sabidur\u00eda. Determinaci\u00f3n<\/h3>\t\t\t\t<\/div>\n\t\t\t\t<\/div>\n\t\t\t\t<div class=\"elementor-element elementor-element-acfddfb elementor-align-center elementor-widget elementor-widget-button\" data-id=\"acfddfb\" data-element_type=\"widget\" data-settings=\"{&quot;ekit_we_effect_on&quot;:&quot;none&quot;}\" data-widget_type=\"button.default\">\n\t\t\t\t<div class=\"elementor-widget-container\">\n\t\t\t\t\t\t\t\t\t<div class=\"elementor-button-wrapper\">\n\t\t\t\t\t<a class=\"elementor-button elementor-button-link elementor-size-sm\" href=\"https:\/\/esthelanunezfranco.com\/es\/home\/\">\n\t\t\t\t\t\t<span class=\"elementor-button-content-wrapper\">\n\t\t\t\t\t\t\t\t\t<span class=\"elementor-button-text\">Ingresar<\/span>\n\t\t\t\t\t<\/span>\n\t\t\t\t\t<\/a>\n\t\t\t\t<\/div>\n\t\t\t\t\t\t\t\t<\/div>\n\t\t\t\t<\/div>\n\t\t\t\t<\/div>\n\t\t<div class=\"elementor-element elementor-element-16cc2cc e-con-full e-flex e-con e-child\" data-id=\"16cc2cc\" data-element_type=\"container\" data-settings=\"{&quot;ekit_has_onepagescroll_dot&quot;:&quot;yes&quot;}\">\n\t\t\t\t<div class=\"elementor-element elementor-element-32a9100 elementor-invisible elementor-widget elementor-widget-image\" data-id=\"32a9100\" data-element_type=\"widget\" data-settings=\"{&quot;motion_fx_motion_fx_scrolling&quot;:&quot;yes&quot;,&quot;motion_fx_motion_fx_mouse&quot;:&quot;yes&quot;,&quot;_animation&quot;:&quot;zoomIn&quot;,&quot;ekit_we_effect_on&quot;:&quot;none&quot;,&quot;motion_fx_devices&quot;:[&quot;desktop&quot;,&quot;tablet&quot;,&quot;mobile&quot;]}\" data-widget_type=\"image.default\">\n\t\t\t\t<div class=\"elementor-widget-container\">\n\t\t\t\t\t\t\t\t\t\t\t\t\t\t\t<img fetchpriority=\"high\" decoding=\"async\" width=\"419\" height=\"850\" src=\"https:\/\/esthelanunezfranco.com\/wp-content\/uploads\/2024\/03\/image-1.jpg\" class=\"attachment-large size-large wp-image-3063\" alt=\"\" srcset=\"https:\/\/esthelanunezfranco.com\/wp-content\/uploads\/2024\/03\/image-1.jpg 419w, https:\/\/esthelanunezfranco.com\/wp-content\/uploads\/2024\/03\/image-1-148x300.jpg 148w, https:\/\/esthelanunezfranco.com\/wp-content\/uploads\/2024\/03\/image-1-6x12.jpg 6w\" sizes=\"(max-width: 419px) 100vw, 419px\" \/>\t\t\t\t\t\t\t\t\t\t\t\t\t\t\t<\/div>\n\t\t\t\t<\/div>\n\t\t<div class=\"elementor-element elementor-element-0a945ce e-con-full elementor-hidden-desktop elementor-hidden-tablet e-flex e-con e-child\" data-id=\"0a945ce\" data-element_type=\"container\" data-settings=\"{&quot;ekit_has_onepagescroll_dot&quot;:&quot;yes&quot;}\">\n\t\t\t\t<div class=\"elementor-element elementor-element-9be6c51 elementor-widget elementor-widget-heading\" data-id=\"9be6c51\" data-element_type=\"widget\" data-settings=\"{&quot;ekit_we_effect_on&quot;:&quot;none&quot;}\" data-widget_type=\"heading.default\">\n\t\t\t\t<div class=\"elementor-widget-container\">\n\t\t\t\t\t<h1 class=\"elementor-heading-title elementor-size-default\">Esthela N\u00fa\u00f1ez Franco<\/h1>\t\t\t\t<\/div>\n\t\t\t\t<\/div>\n\t\t\t\t<div class=\"elementor-element elementor-element-8096102 elementor-widget elementor-widget-heading\" data-id=\"8096102\" data-element_type=\"widget\" data-settings=\"{&quot;ekit_we_effect_on&quot;:&quot;none&quot;}\" data-widget_type=\"heading.default\">\n\t\t\t\t<div class=\"elementor-widget-container\">\n\t\t\t\t\t<h2 class=\"elementor-heading-title elementor-size-default\">MBA, PHR<\/h2>\t\t\t\t<\/div>\n\t\t\t\t<\/div>\n\t\t\t\t<div class=\"elementor-element elementor-element-c78e5fb elementor-widget elementor-widget-heading\" data-id=\"c78e5fb\" data-element_type=\"widget\" data-settings=\"{&quot;ekit_we_effect_on&quot;:&quot;none&quot;}\" data-widget_type=\"heading.default\">\n\t\t\t\t<div class=\"elementor-widget-container\">\n\t\t\t\t\t<h3 class=\"elementor-heading-title elementor-size-default\">Resiliencia. Sabidur\u00eda. Determinaci\u00f3n<\/h3>\t\t\t\t<\/div>\n\t\t\t\t<\/div>\n\t\t\t\t<div class=\"elementor-element elementor-element-7d5aa87 elementor-align-center elementor-widget elementor-widget-button\" data-id=\"7d5aa87\" data-element_type=\"widget\" data-settings=\"{&quot;ekit_we_effect_on&quot;:&quot;none&quot;}\" data-widget_type=\"button.default\">\n\t\t\t\t<div class=\"elementor-widget-container\">\n\t\t\t\t\t\t\t\t\t<div class=\"elementor-button-wrapper\">\n\t\t\t\t\t<a class=\"elementor-button elementor-button-link elementor-size-sm\" href=\"https:\/\/esthelanunezfranco.com\/es\/home\/\">\n\t\t\t\t\t\t<span class=\"elementor-button-content-wrapper\">\n\t\t\t\t\t\t\t\t\t<span class=\"elementor-button-text\">Ingresar<\/span>\n\t\t\t\t\t<\/span>\n\t\t\t\t\t<\/a>\n\t\t\t\t<\/div>\n\t\t\t\t\t\t\t\t<\/div>\n\t\t\t\t<\/div>\n\t\t\t\t<\/div>\n\t\t\t\t<\/div>\n\t\t\t\t<\/div>\n\t\t\t\t<\/div>","protected":false},"excerpt":{"rendered":"<p>Esthela N\u00fa\u00f1ez Franco MBA, PHR Resilience. Widsom. True Grit Enter Esthela N\u00fa\u00f1ez Franco MBA, PHR Resilience. Widsom. True Grit Enter<\/p>","protected":false},"author":1,"featured_media":0,"parent":0,"menu_order":0,"comment_status":"closed","ping_status":"closed","template":"","meta":{"site-sidebar-layout":"no-sidebar","site-content-layout":"page-builder","ast-site-content-layout":"full-width-container","site-content-style":"default","site-sidebar-style":"default","ast-global-header-display":"","ast-banner-title-visibility":"","ast-main-header-display":"","ast-hfb-above-header-display":"","ast-hfb-below-header-display":"","ast-hfb-mobile-header-display":"","site-post-title":"disabled","ast-breadcrumbs-content":"","ast-featured-img":"disabled","footer-sml-layout":"","theme-transparent-header-meta":"","adv-header-id-meta":"","stick-header-meta":"","header-above-stick-meta":"","header-main-stick-meta":"","header-below-stick-meta":"","astra-migrate-meta-layouts":"set","ast-page-background-enabled":"default","ast-page-background-meta":{"desktop":{"background-color":"","background-image":"","background-repeat":"repeat","background-position":"center center","background-size":"auto","background-attachment":"scroll","background-type":"","background-media":"","overlay-type":"","overlay-color":"","overlay-gradient":""},"tablet":{"background-color":"","background-image":"","background-repeat":"repeat","background-position":"center center","background-size":"auto","background-attachment":"scroll","background-type":"","background-media":"","overlay-type":"","overlay-color":"","overlay-gradient":""},"mobile":{"background-color":"","background-image":"","background-repeat":"repeat","background-position":"center center","background-size":"auto","background-attachment":"scroll","background-type":"","background-media":"","overlay-type":"","overlay-color":"","overlay-gradient":""}},"ast-content-background-meta":{"desktop":{"background-color":"var(--ast-global-color-5)","background-image":"","background-repeat":"repeat","background-position":"center center","background-size":"auto","background-attachment":"scroll","background-type":"","background-media":"","overlay-type":"","overlay-color":"","overlay-gradient":""},"tablet":{"background-color":"var(--ast-global-color-5)","background-image":"","background-repeat":"repeat","background-position":"center center","background-size":"auto","background-attachment":"scroll","background-type":"","background-media":"","overlay-type":"","overlay-color":"","overlay-gradient":""},"mobile":{"background-color":"var(--ast-global-color-5)","background-image":"","background-repeat":"repeat","background-position":"center center","background-size":"auto","background-attachment":"scroll","background-type":"","background-media":"","overlay-type":"","overlay-color":"","overlay-gradient":""}},"footnotes":""},"class_list":["post-1881","page","type-page","status-publish","hentry"],"yoast_head":"<!-- This site is optimized with the Yoast SEO plugin v26.9 - https:\/\/yoast.com\/product\/yoast-seo-wordpress\/ -->\n<title>Esthela Nunez Franco- The Talented Writer and Painter<\/title>\n<meta name=\"description\" content=\"Esthela Nunez Franco is a working professional with a knack for painting, writing, and photography. She has worked as an HR manager for more than 20 years.\" \/>\n<meta name=\"robots\" content=\"index, follow, max-snippet:-1, max-image-preview:large, max-video-preview:-1\" \/>\n<link rel=\"canonical\" href=\"https:\/\/esthelanunezfranco.com\/es\/\" \/>\n<meta property=\"og:locale\" content=\"es_ES\" \/>\n<meta property=\"og:type\" content=\"article\" \/>\n<meta property=\"og:title\" content=\"Esthela Nunez Franco- The Talented Writer and Painter\" \/>\n<meta property=\"og:description\" content=\"Esthela Nunez Franco is a working professional with a knack for painting, writing, and photography. She has worked as an HR manager for more than 20 years.\" \/>\n<meta property=\"og:url\" content=\"https:\/\/esthelanunezfranco.com\/es\/\" \/>\n<meta property=\"og:site_name\" content=\"Blog\" \/>\n<meta property=\"article:modified_time\" content=\"2024-07-01T11:36:39+00:00\" \/>\n<meta property=\"og:image\" content=\"https:\/\/esthelanunezfranco.com\/wp-content\/uploads\/2024\/03\/image-1.jpg\" \/>\n<meta name=\"twitter:card\" content=\"summary_large_image\" \/>\n<meta name=\"twitter:label1\" content=\"Tiempo de lectura\" \/>\n\t<meta name=\"twitter:data1\" content=\"1 minuto\" \/>\n<script type=\"application\/ld+json\" class=\"yoast-schema-graph\">{\"@context\":\"https:\/\/schema.org\",\"@graph\":[{\"@type\":\"WebPage\",\"@id\":\"https:\/\/esthelanunezfranco.com\/\",\"url\":\"https:\/\/esthelanunezfranco.com\/\",\"name\":\"Esthela Nunez Franco- The Talented Writer and Painter\",\"isPartOf\":{\"@id\":\"https:\/\/esthelanunezfranco.com\/#website\"},\"primaryImageOfPage\":{\"@id\":\"https:\/\/esthelanunezfranco.com\/#primaryimage\"},\"image\":{\"@id\":\"https:\/\/esthelanunezfranco.com\/#primaryimage\"},\"thumbnailUrl\":\"https:\/\/esthelanunezfranco.com\/wp-content\/uploads\/2024\/03\/image-1.jpg\",\"datePublished\":\"2024-02-19T09:19:32+00:00\",\"dateModified\":\"2024-07-01T11:36:39+00:00\",\"description\":\"Esthela Nunez Franco is a working professional with a knack for painting, writing, and photography. She has worked as an HR manager for more than 20 years.\",\"breadcrumb\":{\"@id\":\"https:\/\/esthelanunezfranco.com\/#breadcrumb\"},\"inLanguage\":\"es\",\"potentialAction\":[{\"@type\":\"ReadAction\",\"target\":[\"https:\/\/esthelanunezfranco.com\/\"]}]},{\"@type\":\"ImageObject\",\"inLanguage\":\"es\",\"@id\":\"https:\/\/esthelanunezfranco.com\/#primaryimage\",\"url\":\"https:\/\/esthelanunezfranco.com\/wp-content\/uploads\/2024\/03\/image-1.jpg\",\"contentUrl\":\"https:\/\/esthelanunezfranco.com\/wp-content\/uploads\/2024\/03\/image-1.jpg\"},{\"@type\":\"BreadcrumbList\",\"@id\":\"https:\/\/esthelanunezfranco.com\/#breadcrumb\",\"itemListElement\":[{\"@type\":\"ListItem\",\"position\":1,\"name\":\"Home\",\"item\":\"https:\/\/esthelanunezfranco.com\/\"},{\"@type\":\"ListItem\",\"position\":2,\"name\":\"Landing\"}]},{\"@type\":\"WebSite\",\"@id\":\"https:\/\/esthelanunezfranco.com\/#website\",\"url\":\"https:\/\/esthelanunezfranco.com\/\",\"name\":\"Blog\",\"description\":\"Author\",\"potentialAction\":[{\"@type\":\"SearchAction\",\"target\":{\"@type\":\"EntryPoint\",\"urlTemplate\":\"https:\/\/esthelanunezfranco.com\/?s={search_term_string}\"},\"query-input\":{\"@type\":\"PropertyValueSpecification\",\"valueRequired\":true,\"valueName\":\"search_term_string\"}}],\"inLanguage\":\"es\"}]}<\/script>\n<!-- \/ Yoast SEO plugin. -->","yoast_head_json":{"title":"Esthela Nunez Franco- The Talented Writer and Painter","description":"Esthela Nunez Franco is a working professional with a knack for painting, writing, and photography. She has worked as an HR manager for more than 20 years.","robots":{"index":"index","follow":"follow","max-snippet":"max-snippet:-1","max-image-preview":"max-image-preview:large","max-video-preview":"max-video-preview:-1"},"canonical":"https:\/\/esthelanunezfranco.com\/es\/","og_locale":"es_ES","og_type":"article","og_title":"Esthela Nunez Franco- The Talented Writer and Painter","og_description":"Esthela Nunez Franco is a working professional with a knack for painting, writing, and photography. She has worked as an HR manager for more than 20 years.","og_url":"https:\/\/esthelanunezfranco.com\/es\/","og_site_name":"Blog","article_modified_time":"2024-07-01T11:36:39+00:00","og_image":[{"url":"https:\/\/esthelanunezfranco.com\/wp-content\/uploads\/2024\/03\/image-1.jpg","type":"","width":"","height":""}],"twitter_card":"summary_large_image","twitter_misc":{"Tiempo de lectura":"1 minuto"},"schema":{"@context":"https:\/\/schema.org","@graph":[{"@type":"WebPage","@id":"https:\/\/esthelanunezfranco.com\/","url":"https:\/\/esthelanunezfranco.com\/","name":"Esthela Nunez Franco- The Talented Writer and Painter","isPartOf":{"@id":"https:\/\/esthelanunezfranco.com\/#website"},"primaryImageOfPage":{"@id":"https:\/\/esthelanunezfranco.com\/#primaryimage"},"image":{"@id":"https:\/\/esthelanunezfranco.com\/#primaryimage"},"thumbnailUrl":"https:\/\/esthelanunezfranco.com\/wp-content\/uploads\/2024\/03\/image-1.jpg","datePublished":"2024-02-19T09:19:32+00:00","dateModified":"2024-07-01T11:36:39+00:00","description":"Esthela Nunez Franco is a working professional with a knack for painting, writing, and photography. She has worked as an HR manager for more than 20 years.","breadcrumb":{"@id":"https:\/\/esthelanunezfranco.com\/#breadcrumb"},"inLanguage":"es","potentialAction":[{"@type":"ReadAction","target":["https:\/\/esthelanunezfranco.com\/"]}]},{"@type":"ImageObject","inLanguage":"es","@id":"https:\/\/esthelanunezfranco.com\/#primaryimage","url":"https:\/\/esthelanunezfranco.com\/wp-content\/uploads\/2024\/03\/image-1.jpg","contentUrl":"https:\/\/esthelanunezfranco.com\/wp-content\/uploads\/2024\/03\/image-1.jpg"},{"@type":"BreadcrumbList","@id":"https:\/\/esthelanunezfranco.com\/#breadcrumb","itemListElement":[{"@type":"ListItem","position":1,"name":"Home","item":"https:\/\/esthelanunezfranco.com\/"},{"@type":"ListItem","position":2,"name":"Landing"}]},{"@type":"WebSite","@id":"https:\/\/esthelanunezfranco.com\/#website","url":"https:\/\/esthelanunezfranco.com\/","name":"Blog","description":"Author","potentialAction":[{"@type":"SearchAction","target":{"@type":"EntryPoint","urlTemplate":"https:\/\/esthelanunezfranco.com\/?s={search_term_string}"},"query-input":{"@type":"PropertyValueSpecification","valueRequired":true,"valueName":"search_term_string"}}],"inLanguage":"es"}]}},"_links":{"self":[{"href":"https:\/\/esthelanunezfranco.com\/es\/wp-json\/wp\/v2\/pages\/1881","targetHints":{"allow":["GET"]}}],"collection":[{"href":"https:\/\/esthelanunezfranco.com\/es\/wp-json\/wp\/v2\/pages"}],"about":[{"href":"https:\/\/esthelanunezfranco.com\/es\/wp-json\/wp\/v2\/types\/page"}],"author":[{"embeddable":true,"href":"https:\/\/esthelanunezfranco.com\/es\/wp-json\/wp\/v2\/users\/1"}],"replies":[{"embeddable":true,"href":"https:\/\/esthelanunezfranco.com\/es\/wp-json\/wp\/v2\/comments?post=1881"}],"version-history":[{"count":76,"href":"https:\/\/esthelanunezfranco.com\/es\/wp-json\/wp\/v2\/pages\/1881\/revisions"}],"predecessor-version":[{"id":3199,"href":"https:\/\/esthelanunezfranco.com\/es\/wp-json\/wp\/v2\/pages\/1881\/revisions\/3199"}],"wp:attachment":[{"href":"https:\/\/esthelanunezfranco.com\/es\/wp-json\/wp\/v2\/media?parent=1881"}],"curies":[{"name":"wp","href":"https:\/\/api.w.org\/{rel}","templated":true}]}}